{"id":154,"date":"2020-04-16T15:39:41","date_gmt":"2020-04-16T14:39:41","guid":{"rendered":"http:\/\/mizera.pl\/?page_id=154"},"modified":"2020-04-21T16:03:23","modified_gmt":"2020-04-21T15:03:23","slug":"artykuly","status":"publish","type":"page","link":"https:\/\/mizera.pl\/index.php\/artykuly\/","title":{"rendered":"Artyku\u0142y"},"content":{"rendered":"<p>Spis tre\u015bci:<br \/>\n<a href=\"http:\/\/mizera.pl\/index.php\/cz-1\/\">Cz\u0119\u015b\u0107 I: Zielony banan \u2013 technologia i technika pozbiorowa, transport z tropik\u00f3w<\/a><\/p>\n<p><a href=\"http:\/\/mizera.pl\/index.php\/czesc-ii-zolty-banan-dojrzewanie-i-przeglad-konstrukcji-dojrzewalni\/\">Cz\u0119\u015b\u0107 II: \u017b\u00f3\u0142ty banan \u2013 dojrzewanie i przegl\u0105d konstrukcji dojrzewalni<\/a><\/p>\n<p><a href=\"http:\/\/mizera.pl\/index.php\/czesc-iii-zolty-banan-wyposazenie-dojrzewalni\/\">Cz\u0119\u015b\u0107 III: \u017b\u00f3\u0142ty banan \u2013 wyposa\u017cenie dojrzewalni<\/a><\/p>\n<p><a href=\"http:\/\/mizera.pl\/index.php\/czesc-iv-dojrzewanie\/\">Cz\u0119\u015b\u0107 IV: Technologia dojrzewania i sprzeda\u017cy banan\u00f3w<\/a><\/p>\n","protected":false},"excerpt":{"rendered":"<p>Spis tre\u015bci: Cz\u0119\u015b\u0107 I: Zielony banan \u2013 technologia i technika pozbiorowa, transport z tropik\u00f3w Cz\u0119\u015b\u0107 II: \u017b\u00f3\u0142ty banan \u2013 dojrzewanie i przegl\u0105d konstrukcji dojrzewalni Cz\u0119\u015b\u0107 III: \u017b\u00f3\u0142ty banan \u2013 wyposa\u017cenie dojrzewalni Cz\u0119\u015b\u0107 IV: Technologia dojrzewania i sprzeda\u017cy banan\u00f3w<\/p>\n","protected":false},"author":1,"featured_media":0,"parent":0,"menu_order":0,"comment_status":"closed","ping_status":"closed","template":"","meta":{"footnotes":""},"class_list":["post-154","page","type-page","status-publish","hentry"],"_links":{"self":[{"href":"https:\/\/mizera.pl\/index.php\/wp-json\/wp\/v2\/pages\/154","targetHints":{"allow":["GET"]}}],"collection":[{"href":"https:\/\/mizera.pl\/index.php\/wp-json\/wp\/v2\/pages"}],"about":[{"href":"https:\/\/mizera.pl\/index.php\/wp-json\/wp\/v2\/types\/page"}],"author":[{"embeddable":true,"href":"https:\/\/mizera.pl\/index.php\/wp-json\/wp\/v2\/users\/1"}],"replies":[{"embeddable":true,"href":"https:\/\/mizera.pl\/index.php\/wp-json\/wp\/v2\/comments?post=154"}],"version-history":[{"count":6,"href":"https:\/\/mizera.pl\/index.php\/wp-json\/wp\/v2\/pages\/154\/revisions"}],"predecessor-version":[{"id":243,"href":"https:\/\/mizera.pl\/index.php\/wp-json\/wp\/v2\/pages\/154\/revisions\/243"}],"wp:attachment":[{"href":"https:\/\/mizera.pl\/index.php\/wp-json\/wp\/v2\/media?parent=154"}],"curies":[{"name":"wp","href":"https:\/\/api.w.org\/{rel}","templated":true}]}}