{"id":198,"date":"2020-04-20T14:33:30","date_gmt":"2020-04-20T13:33:30","guid":{"rendered":"http:\/\/mizera.pl\/?page_id=198"},"modified":"2020-04-20T14:33:30","modified_gmt":"2020-04-20T13:33:30","slug":"ogrzewanie-mozna-i-tak","status":"publish","type":"page","link":"https:\/\/mizera.pl\/index.php\/ogrzewanie-mozna-i-tak\/","title":{"rendered":"Ogrzewanie &#8211; mo\u017cna i tak"},"content":{"rendered":"<p style=\"text-align: center;\"><strong><span style=\"font-size: 14pt;\">Ogrzewanie \u2013 mo\u017cna i tak.<\/span><\/strong><\/p>\n<p style=\"text-align: justify;\">Sytuacja by\u0142a do\u015b\u0107 banalna. Polska, koniec XX wieku, m\u0142ode polskie ma\u0142\u017ce\u0144stwo. Ona in\u017cynier architektury on in\u017cynier budowy dr\u00f3g. Po Pi\u0119knym \u015blubie i udanym weselu \u2013 cho\u0107 policja nie interweniowa\u0142a, pojechali do Stan\u00f3w by pozna\u0107 \u015bwiata, zobaczy\u0107 jak inni \u017cyj\u0105 i jak si\u0119 da troch\u0119 zarobi\u0107. W prezencie \u015blubnym dostali od Babci i Wujka kawa\u0142ek podmiejskiego sadu, sadu kt\u00f3ry zawsze zaopatrywa\u0142<br \/>\nw \u015bwie\u017ce owoce i warzywa ca\u0142\u0105 rodzin\u0119 Pana M\u0142odego, a teraz zarasta\u0142.<\/p>\n<p style=\"text-align: justify;\">Wyjazd do Stan\u00f3w, to \u017ar\u00f3d\u0142o wielu do\u015bwiadcze\u0144 i decyzji, \u017ce jednak tu w Polsce b\u0119d\u0105 budowa\u0107 swoje \u017cycie i przysz\u0142o\u015b\u0107. Zacz\u0119li od budowy domu, takiego troch\u0119 na wz\u00f3r ameryka\u0144ski. Zerwali<br \/>\nz polsk\u0105 tradycj\u0105 i postanowili wybudowa\u0107 pi\u0119kny pod wzgl\u0119dem architektonicznym, bardzo funkcjonalny\u00a0 parterowy dom bez piwnicy z du\u017cym gara\u017cem na dwa samochody. Powierzchnia mieszkalna\u00a0 to<br \/>\n105 m2.<\/p>\n<p style=\"text-align: justify;\">Przy wyposa\u017caniu domu w instalacje techniczne trzeba by\u0142o podejmowa\u0107 wybory mi\u0119dzy marzeniami a twardymi realiami lokalnymi i finansowymi.\u00a0 Poniewa\u017c teren by\u0142ego sadu nie by\u0142 uzbrojony, do dyspozycji by\u0142a tylko energia elektryczna i woda. \u00a0Aby mo\u017cna by\u0142o realizowa\u0107 podstawowe czynno\u015bci z pocz\u0105tku my\u015blano<br \/>\no przydomowej oczyszczalni, ale obietnica w\u0142adz miasta, \u017ce teren ten b\u0119dzie w przysz\u0142o\u015bci pod\u0142\u0105czony do kanalizacji miejskiej spowodowa\u0142, \u017ce zdecydowano si\u0119 na szambo. Zaopatrzenie w ciep\u0142\u0105 wod\u0119 rozwi\u0105zano za pomoc\u0105 elektrycznego podgrzewacza \u2013 tzw.<br \/>\n\u201e bojlera\u201d o pojemno\u015bci 80 litr\u00f3w i mocy 800W.<\/p>\n<p style=\"text-align: justify;\">Do rozwi\u0105zania zosta\u0142 problem ogrzewania. Marzenie to modne ogrzewanie pod\u0142ogowe w pokoju dziennym (tzw. salonie), aneksie kuchennym i korytarzach. Trzy sypialnie wyposa\u017cone zosta\u0142y w tzw. kaloryfery \u2013 jak m\u00f3wiono, bo to rozwi\u0105zanie zdrowsze dla tych pomieszcze\u0144\u201d. Jest to oczywi\u015bcie spraw\u0105 dyskusyjn\u0105, ale jak inwestor chce, to tak ma by\u0107. Doradzi\u0142em jedynie by zwi\u0119kszy\u0107 ich powierzchni\u0119 dwu krotnie w por\u00f3wnaniu z normatywn\u0105 ze wzgl\u0119du, \u017ce zosta\u0142y one \u201ewpi\u0119te\u201d w uk\u0142ad podgrzewania pod\u0142ogowego.<br \/>\nW planach obiecywano, \u017ce nowo wybudowany budynek zostanie pod\u0142\u0105czony do sieci gazowej, ale \u201edoci\u0105gniecie\u201d jej odwlek\u0142o si\u0119 a\u017c<br \/>\no 5 lat.\u00a0 Postanowiono wi\u0119c, \u017ce do czasu pod\u0142\u0105czenia instalacji gazowej ogrzewanie b\u0119dzie realizowane za pomoc\u0105 kominka zainstalowanego w salonie, kt\u00f3ry zostanie wyposa\u017cony w system rozprowadzania ciep\u0142ego powietrza do wszystkich pomieszcze\u0144. Pal\u0105ce si\u0119 szczapy drzewa gdy za przeszklon\u0105 \u015bcian\u0105 wida\u0107 padaj\u0105cy \u015bnieg w sadzie to bardzo romantyczny widok. Ale aby rozwi\u0105zanie to spe\u0142nia\u0142o swoje zadanie trzeba by\u0142o na jesie\u0144 zgromadzi\u0107 odpowiedni zapas drewna, osuszy\u0107 je, przynosi\u0107 do salonu, rozpala\u0107, podk\u0142ada\u0107, sprz\u0105ta\u0107 popi\u00f3\u0142, etc. Czynno\u015bci te nale\u017ca\u0142o wykonywa\u0107 niezale\u017cnie od pory dnia czy nocy. Gdy przerwa w \u00a0\u201eopiece\u201d nad kominkiem trwa\u0142a zbyt d\u0142ugo (domownicy w pracy i szkole) temperatura w pomieszczeniach znacznie si\u0119 obni\u017ca\u0142a. Domownicy coraz mniej byli zachwyceni z tego rozwi\u0105zania.\u00a0 Na spotkaniach\u00a0 pytano mnie czy jest jaka\u015b rada by poprawi\u0107\u00a0 zaistnia\u0142\u0105 sytuacj\u0119. Oczywi\u015bcie mo\u017cna by zaproponowa\u0107 tradycyjne rozwi\u0105zanie \u2013 piec na w\u0119giel, czy te\u017c bardziej ekologiczny na pelety. Rozwi\u0105zanie to poci\u0105ga koszt budowy kot\u0142owni z magazynem opa\u0142u, oraz zakupu<br \/>\ni zainstalowania pieca. Inna alternatywn\u0105 by\u0142oby zainstalowanie podgrzewacza elektrycznego \u2013 ale to nie tylko bardzo wysokie koszty eksploatacyjne, ale r\u00f3wnie\u017c konieczno\u015b\u0107 wymiany sieci zasilania elektrycznego. Ka\u017cde z tych rozwi\u0105za\u0144 mia\u0142o by\u0107 rozwi\u0105zaniem tymczasowym, do czasu bli\u017cej nie okre\u015blonego podci\u0105gni\u0119cia instalacji gazowej.<\/p>\n<p style=\"text-align: justify;\">Jak wiec \u201eul\u017cy\u0107\u201d domownikom w zaistnia\u0142ej sytuacji ? Jakie zaproponowa\u0107 zr\u00f3wnowa\u017cone rozwi\u0105zanie \u2013 racjonalne inwestycyjnie i eksploatacyjnie ?<\/p>\n<p style=\"text-align: justify;\">Poszukuj\u0105c racjonalnego rozwi\u0105zania wzi\u0105\u0142em \u00a0pod uwag\u0119 fakt wyposa\u017cania domu w istniej\u0105c\u0105 kominkow\u0105 instalacj\u0119 ogrzewania, \u00a0nieczynn\u0105 jeszcze instalacj\u0119 ogrzewania pod\u0142ogowego oraz fakt, \u017ce obci\u0105\u017cenie cieplne dla potrzeb ogrzewania jest zgodne z wykresem tzw. uporz\u0105dkowanych \u00a0temperatur zewn\u0119trznych \u2013 rys.1.<\/p>\n<p><a href=\"http:\/\/mizera.pl\/wp-content\/uploads\/2020\/04\/1.png\"><img loading=\"lazy\" decoding=\"async\" class=\"aligncenter size-full wp-image-203\" src=\"http:\/\/mizera.pl\/wp-content\/uploads\/2020\/04\/1.png\" alt=\"\" width=\"605\" height=\"361\" srcset=\"https:\/\/mizera.pl\/wp-content\/uploads\/2020\/04\/1.png 605w, https:\/\/mizera.pl\/wp-content\/uploads\/2020\/04\/1-300x179.png 300w\" sizes=\"auto, (max-width: 605px) 100vw, 605px\" \/><\/a>Rys. 1\u00a0 Wykres uporz\u0105dkowany temperatur zewn\u0119trznych<\/p>\n<p style=\"text-align: justify;\">Po analizie\u00a0 wykresu mo\u017cna powiedzie\u0107, \u017ce wielko\u015b\u0107 zapotrzebowania na\u00a0 moc grzewcz\u0105 jest, w pewnym przybli\u017ceniu, odwrotnie proporcjonalna do czasu zapotrzebowania na ni\u0105. Czasokres zapotrzebowania na moc maksymalna mi\u0119dzy 100%<br \/>\na 75% (dla temperatur zewn\u0119trznych pomi\u0119dzy \u00a0-20.C\u00a0 a -12.C) wynosi praktycznie od \u00a04 &#8211; 5 % sezonu grzewczego. 80 % sezonu grzewczego to temperatury zewn\u0119trzne powy\u017cej -4.C \u00a0co odpowiada zapotrzebowaniu na\u00a0 50% mocy maksymalnej. Temperatury powy\u017cej O.C to (zapotrzebowanie ciep\u0142a na poziomie 1\/3 obci\u0105\u017cenia maksymalnego) to oko\u0142o 50% sezonu grzewczego.<\/p>\n<p style=\"text-align: justify;\">Jakie wiec rozwi\u0105zanie <strong>automatycznego <\/strong>urz\u0105dzenia grzewczego zaproponowa\u0107? Pomp\u0119 ciep\u0142a ? Je\u015bli tak to jak\u0105? Jakiej mocy?<\/p>\n<p style=\"text-align: justify;\">Licz\u0105c \u201ena palcach\u201d i przyjmuj\u0105c wska\u017anik zapotrzebowania mocy cieplnej dla przedmiotowego budynku do ogrzewania na poziomie 80 W\/m2, zapotrzebowanie mocy grzewczej\u00a0 dla ca\u0142ego domu wynosi oko\u0142o 8 kW dla najni\u017cszych temperatur zimowych. Je\u015bli pogodzi\u0107 si\u0119 z faktem, \u017ce na tych kilka bardzo zimnych zimowych nocy i dni (temperatura \u2013 20.C) zapotrzebowanie na ciep\u0142o b\u0119dzie realizowane przez istniej\u0105c\u0105 instalacj\u0119 kominka, to okresy wy\u017cszych temperatur zewn\u0119trznych mo\u017cna by pokrywa\u0107 z \u201eniedu\u017cego\u201d bezobs\u0142ugowego \u017ar\u00f3d\u0142a ciep\u0142a. Je\u017celi wi\u0119c dysponowa\u0107 moc\u0105 grzewcz\u0105 na poziomie 6 kW mo\u017cna by zabezpieczy\u0107 ogrzewanie przez 95% sezonu grzewczego. Przy urz\u0105dzeniu grzewczym o mocy 4 kW mo\u017cna zabezpieczy\u0107 80% czasu sezonu grzewczego. Gdy moc urz\u0105dzenia grzewczego wynosi\u0107 b\u0119dzie 2,7 kW zabezpieczymy 50% sezonu grzewczego.<\/p>\n<p style=\"text-align: justify;\">Analiza rozwi\u0105za\u0144 oferowanych na rynku zwr\u00f3ci\u0142a moj\u0105 uwag\u0119 na powietrzn\u0105 pomp\u0119 ciep\u0142a przeznaczona do ogrzewania ciep\u0142ej wody u\u017cytkowej, w kt\u00f3rej 200 litrowym zbiorniku zosta\u0142a zainstalowana dodatkowa w\u0119\u017cownica do wsp\u00f3\u0142pracy z solarem (kolektorem s\u0142onecznym) &#8211; rys.2.<\/p>\n<p><a href=\"http:\/\/mizera.pl\/wp-content\/uploads\/2020\/04\/2.png\"><img loading=\"lazy\" decoding=\"async\" class=\"aligncenter size-full wp-image-204\" src=\"http:\/\/mizera.pl\/wp-content\/uploads\/2020\/04\/2.png\" alt=\"\" width=\"605\" height=\"456\" srcset=\"https:\/\/mizera.pl\/wp-content\/uploads\/2020\/04\/2.png 605w, https:\/\/mizera.pl\/wp-content\/uploads\/2020\/04\/2-300x226.png 300w\" sizes=\"auto, (max-width: 605px) 100vw, 605px\" \/><\/a>Rys. 2\u00a0 Powietrzna pompa ciep\u0142a cwu przystosowana do wsp\u00f3\u0142pracy z solarem. 1. Zbiornik, 2. W\u0119\u017cownica ogrzewania cwu, 3. Powietrzna pompa cieplna,<\/p>\n<ol style=\"text-align: justify;\" start=\"2\">\n<li>4. Uk\u0142ad solarny.<\/li>\n<\/ol>\n<p style=\"text-align: justify;\">\u00a0Moc pompy 6 kW przy standardowej temperaturze powietrza zewn\u0119trznego +5.C. i temperaturze ciep\u0142ej wody na poziomie 50.C . \u00a0Pob\u00f3r mocy pompy ciep\u0142a to oko\u0142o 2 kW. Zapotrzebowanie na ciep\u0142\u0105 wod\u0119 u\u017cytkow\u0105 dla 3 osobowej rodziny (3 x 110 litr\u00f3w) wynosi 330 litr\u00f3w. Zak\u0142adaj\u0105c, \u017ce temperatura wody zasilaj\u0105cej wynosi +10.C\u00a0 to zapotrzebowanie mocy grzewczej przy pracy ci\u0105g\u0142ej wynosi oko\u0142o 640 W (co pokrywa si\u0119 z dotychczasow\u0105 moc\u0105 grzewcz\u0105 zainstalowanego bojlera). Analizuj\u0105c wi\u0119c przedmiotow\u0105 pomp\u0119 ciep\u0142a mo\u017cna stwierdzi\u0107, \u017ce posiada ona spor\u0105 \u201enadwy\u017ck\u0119\u201d mocy grzewczej, na poziomie 5 kW dla omawianych wy\u017cej warunk\u00f3w temperatura powietrza zewn\u0119trznego &#8211; +5.C<br \/>\ni temperatura cwu &#8211; +50.C.\u00a0 Oczywi\u015bcie, ze spadkiem temperatury powietrza zewn\u0119trznego nast\u0105pi spadek wydajno\u015bci pompy cieplnej. Z drugiej za\u015b strony spadek temperatury cwu spowoduje wzrost mocy grzewczej pompy.<\/p>\n<p style=\"text-align: justify;\">Postanowi\u0142em wi\u0119c wykorzysta\u0107 t\u0105 nadwy\u017ck\u0119 mocy grzewczej do zasilania istniej\u0105cej instalacji ogrzewania pod\u0142ogowego za po\u015brednictwem zainstalowanej w zbiorniku w\u0119\u017cownicy solarnej \u2013 rys.3.<\/p>\n<p><a href=\"http:\/\/mizera.pl\/wp-content\/uploads\/2020\/04\/3.png\"><img loading=\"lazy\" decoding=\"async\" class=\"aligncenter size-full wp-image-205\" src=\"http:\/\/mizera.pl\/wp-content\/uploads\/2020\/04\/3.png\" alt=\"\" width=\"605\" height=\"348\" srcset=\"https:\/\/mizera.pl\/wp-content\/uploads\/2020\/04\/3.png 605w, https:\/\/mizera.pl\/wp-content\/uploads\/2020\/04\/3-300x173.png 300w\" sizes=\"auto, (max-width: 605px) 100vw, 605px\" \/><\/a>Rys.3.\u00a0 Rozwi\u0105zanie docelowe: 1. Zbiornik, 2. W\u0119\u017cownica ogrzewania c.w.u, 3. Powietrzna pompa cieplna<\/p>\n<p style=\"text-align: justify;\">Wsp\u00f3\u0142praca powietrznej pompy ciep\u0142a do produkcji ciep\u0142ej wody wyeliminowa\u0142a konieczno\u015b\u0107 codziennego rozpalania kominka<br \/>\ni zwi\u0105zanych z tym uci\u0105\u017cliwo\u015bci. Gdy temperatura zewn\u0119trzna spada\u0142a w d\u0142u\u017cszych okresach czasu poni\u017cej -10.C gospodarze wspomagali grzanie rozpalaj\u0105c okresowo kominek by pokry\u0107 niedob\u00f3r chwilowy mocy grzewczej.<\/p>\n<p style=\"text-align: justify;\">Poniewa\u017c w okresach du\u017cego obci\u0105\u017cenia cieplnego znaczne obni\u017ca\u0142a si\u0119 temperatura cwu zastosowa\u0142em prosty uk\u0142ad regulacyjny.<br \/>\n1 godzin\u0119 przed porannym lub wieczornym szczytem poborem cwu wy\u0142\u0105czany by\u0142 uk\u0142ad grzania pod\u0142ogowego, co owocowa\u0142o szybkim wzrostem temperatury cwu w zbiorniku.<\/p>\n<p style=\"text-align: justify;\">Opisany system pracowa\u0142 przez 4 sezony grzewcze a\u017c do momentu pod\u0142\u0105czenia oczekiwanej instalacji gazowej. Co ciekawe, zast\u0105pienie tradycyjnego bojlera z 800 W grza\u0142k\u0105 pomp\u0105 ciep\u0142a<br \/>\no mocy 2 kW nie spowodowa\u0142 wzrostu koszt\u00f3w eksploatacyjnych. Praca pompy cieplnej poza sezonem grzewczym przynosi\u0142a takie oszcz\u0119dno\u015bci, ze roczny bilans op\u0142at za energi\u0119 elektryczn\u0105<br \/>\nw bud\u017cecie domowym si\u0119 nie zmieni\u0142.<\/p>\n","protected":false},"excerpt":{"rendered":"<p>Ogrzewanie \u2013 mo\u017cna i tak. Sytuacja by\u0142a do\u015b\u0107 banalna. Polska, koniec XX wieku, m\u0142ode polskie ma\u0142\u017ce\u0144stwo. Ona in\u017cynier architektury on in\u017cynier budowy dr\u00f3g. Po Pi\u0119knym \u015blubie i udanym weselu \u2013 cho\u0107 policja nie interweniowa\u0142a, pojechali do Stan\u00f3w by pozna\u0107 \u015bwiata, zobaczy\u0107 jak inni \u017cyj\u0105 i jak si\u0119 da troch\u0119 zarobi\u0107. W prezencie \u015blubnym dostali od &hellip; <a href=\"https:\/\/mizera.pl\/index.php\/ogrzewanie-mozna-i-tak\/\" class=\"more-link\">Czytaj dalej <span class=\"screen-reader-text\">Ogrzewanie &#8211; mo\u017cna i tak<\/span> <span class=\"meta-nav\">&rarr;<\/span><\/a><\/p>\n","protected":false},"author":1,"featured_media":0,"parent":0,"menu_order":0,"comment_status":"closed","ping_status":"closed","template":"","meta":{"footnotes":""},"class_list":["post-198","page","type-page","status-publish","hentry"],"_links":{"self":[{"href":"https:\/\/mizera.pl\/index.php\/wp-json\/wp\/v2\/pages\/198","targetHints":{"allow":["GET"]}}],"collection":[{"href":"https:\/\/mizera.pl\/index.php\/wp-json\/wp\/v2\/pages"}],"about":[{"href":"https:\/\/mizera.pl\/index.php\/wp-json\/wp\/v2\/types\/page"}],"author":[{"embeddable":true,"href":"https:\/\/mizera.pl\/index.php\/wp-json\/wp\/v2\/users\/1"}],"replies":[{"embeddable":true,"href":"https:\/\/mizera.pl\/index.php\/wp-json\/wp\/v2\/comments?post=198"}],"version-history":[{"count":4,"href":"https:\/\/mizera.pl\/index.php\/wp-json\/wp\/v2\/pages\/198\/revisions"}],"predecessor-version":[{"id":208,"href":"https:\/\/mizera.pl\/index.php\/wp-json\/wp\/v2\/pages\/198\/revisions\/208"}],"wp:attachment":[{"href":"https:\/\/mizera.pl\/index.php\/wp-json\/wp\/v2\/media?parent=198"}],"curies":[{"name":"wp","href":"https:\/\/api.w.org\/{rel}","templated":true}]}}