{"id":6,"date":"2018-12-28T20:01:44","date_gmt":"2018-12-28T19:01:44","guid":{"rendered":"http:\/\/mizera.pl\/?page_id=6"},"modified":"2018-12-28T20:20:56","modified_gmt":"2018-12-28T19:20:56","slug":"banany","status":"publish","type":"page","link":"https:\/\/mizera.pl\/index.php\/banany\/","title":{"rendered":"BANANY"},"content":{"rendered":"\r\n\r\n\r\n<p style=\"text-align: justify;\">Dr in\u017c. Grzegorz\u00a0 MIZERA dzia\u0142a na rynku\u00a0 budowy i eksploatacji dojrzewalni banan\u00f3w oraz technologii przechowywania i dojrzewania banan\u00f3w od ponad 20 lat. Przez okres 12 lat\u00a0 pe\u0142ni\u0142 obowi\u0105zki Konsultanta d\/s technicznych i technologicznych koncernu ameryka\u0144skiego Chiquita Banana\u00a0 na terenie ca\u0142ej Europy. Jest autorem dw\u00f3ch polskich potentat\u00f3w, jednego ameryka\u0144skiego<br \/>i jednego europejskiego. Konsultowa\u0142 budow\u0119 i uruchamianie ponad 150 dojrzewalni na terenie ca\u0142ej Europy.<\/p>\r\n\r\n\r\n\r\n<p style=\"text-align: justify;\">Obecnie dr in\u017c. Grzegorz MIZERA:<br \/>&#8211; konsultuje budow\u0119, rozbudow\u0119 oraz modernizacj\u0119 dojrzewalni banan\u00f3w,<br \/>&#8211; opracowuje projekty koncepcyjne \u00a0i konsultuje opracowywanie projekt\u00f3w budowy, rozbudowy\u00a0 i modernizacji dojrzewalni banan\u00f3w,<br \/>&#8211; szkoli \u00a0za\u0142og\u0119 dojrzewalni banan\u00f3w w Standardowych Procedurach Dojrzewalniczych,<br \/>&#8211; jest przedstawicielem wielu dostawc\u00f3w specjalistycznego<br \/>wyposa\u017cenia do dojrzewalni banan\u00f3w\u00a0 z ca\u0142ego \u015awiata.<\/p>\r\n\r\n\r\n\r\n\r\n\r\n\r\n\r\n\r\n\r\n\r\n\r\n<p style=\"text-align: justify;\">Je\u015bli chcesz zbudowa\u0107, rozbudowa\u0107 lub zmodernizowa\u0107 swoj\u0105 dojrzewalnie banan\u00f3w lub masz k\u0142opoty z procesem ich dojrzewania dr in\u017c. Grzegorz MIZERA na pewno Ci pomo\u017ce.<\/p>\r\n\r\n\r\n\r\n<p style=\"text-align: justify;\">Najlepiej od zaraz zadzwo\u0144\u00a0 <strong>( +48\u00a0602 22 49 39<\/strong>)\u00a0 \u2013 porozmawiaj lub\u00a0napisz e-maila\u00a0 (<strong>grzegorz(at)mizera.pl<\/strong>) o swoich planach, marzeniach czy k\u0142opotach\u00a0\u2013 na pewno dostaniesz profesjonaln\u0105 odpowiedz.<\/p>\r\n\r\n\r\n\r\n\r\n\r\n\r\n\r\n<p style=\"text-align: justify;\">dr in\u017c. Grzegorz MIZERA<br \/>Elektromechanika Ch\u0142odnicza<br \/>NIP 583\u00a0007 11 44<\/p>\r\n\r\n\r\n\r\n\r\n\r\n\r\n\r\n<p style=\"text-align: justify;\">\u00a0<\/p>\r\n","protected":false},"excerpt":{"rendered":"<p>Dr in\u017c. Grzegorz\u00a0 MIZERA dzia\u0142a na rynku\u00a0 budowy i eksploatacji dojrzewalni banan\u00f3w oraz technologii przechowywania i dojrzewania banan\u00f3w od ponad 20 lat. Przez okres 12 lat\u00a0 pe\u0142ni\u0142 obowi\u0105zki Konsultanta d\/s technicznych i technologicznych koncernu ameryka\u0144skiego Chiquita Banana\u00a0 na terenie ca\u0142ej Europy. Jest autorem dw\u00f3ch polskich potentat\u00f3w, jednego ameryka\u0144skiegoi jednego europejskiego. Konsultowa\u0142 budow\u0119 i uruchamianie ponad &hellip; <a href=\"https:\/\/mizera.pl\/index.php\/banany\/\" class=\"more-link\">Czytaj dalej <span class=\"screen-reader-text\">BANANY<\/span> <span class=\"meta-nav\">&rarr;<\/span><\/a><\/p>\n","protected":false},"author":1,"featured_media":0,"parent":0,"menu_order":0,"comment_status":"closed","ping_status":"closed","template":"","meta":{"footnotes":""},"class_list":["post-6","page","type-page","status-publish","hentry"],"_links":{"self":[{"href":"https:\/\/mizera.pl\/index.php\/wp-json\/wp\/v2\/pages\/6","targetHints":{"allow":["GET"]}}],"collection":[{"href":"https:\/\/mizera.pl\/index.php\/wp-json\/wp\/v2\/pages"}],"about":[{"href":"https:\/\/mizera.pl\/index.php\/wp-json\/wp\/v2\/types\/page"}],"author":[{"embeddable":true,"href":"https:\/\/mizera.pl\/index.php\/wp-json\/wp\/v2\/users\/1"}],"replies":[{"embeddable":true,"href":"https:\/\/mizera.pl\/index.php\/wp-json\/wp\/v2\/comments?post=6"}],"version-history":[{"count":2,"href":"https:\/\/mizera.pl\/index.php\/wp-json\/wp\/v2\/pages\/6\/revisions"}],"predecessor-version":[{"id":19,"href":"https:\/\/mizera.pl\/index.php\/wp-json\/wp\/v2\/pages\/6\/revisions\/19"}],"wp:attachment":[{"href":"https:\/\/mizera.pl\/index.php\/wp-json\/wp\/v2\/media?parent=6"}],"curies":[{"name":"wp","href":"https:\/\/api.w.org\/{rel}","templated":true}]}}