{"id":9,"date":"2018-12-28T20:08:06","date_gmt":"2018-12-28T19:08:06","guid":{"rendered":"http:\/\/mizera.pl\/?page_id=9"},"modified":"2018-12-28T21:17:16","modified_gmt":"2018-12-28T20:17:16","slug":"przechowalnictwo","status":"publish","type":"page","link":"https:\/\/mizera.pl\/index.php\/przechowalnictwo\/","title":{"rendered":"PRZECHOWALNICTWO"},"content":{"rendered":"\r\n<p style=\"text-align: justify;\">Przechowalnictwo warzyw i owoc\u00f3w.<\/p>\r\n\r\n\r\n\r\n<p style=\"text-align: justify;\">Dr in\u017c. Grzegorz\u00a0 MIZERA dzia\u0142a na rynku\u00a0 budowy i eksploatacji przechowalni warzyw od ponad 30 lat. Przez okres ostatnich 10 \u00a0lat\u00a0 specjalizuje si\u0119 we wdra\u017caniu w\u0142asnych opatentowanych w Polsce\u00a0 rozwi\u0105za\u0144\u00a0 technicznych specjalnie przeznaczonych do przechowalni warzyw i owoc\u00f3w \u2013 tzw. ch\u0142odzenia analogowego. Rozwi\u0105zania te nie tylko spe\u0142niaj\u0105 wymagania konstrukcyjne\u00a0 dla dyrektywny Unii Europejskiej 517\/2014 kt\u00f3ra b\u0119dzie obowi\u0105zywa\u0107 po 1.01.2022 roku, ale wp\u0142ywaj\u0105 na zachowanie wysokiej jako\u015bci warzyw podczas ca\u0142ego procesu przechowywania. Badania wykonane w Instytucie Ogrodnictwa w Skierniewicach wykaza\u0142y ponad 11% wy\u017csz\u0105 warto\u015b\u0107 handlow\u0105 warzyw przechowywanych <br \/>w przechowalniach z innowacyjn\u0105 technologi\u0105 ch\u0142odzenia w por\u00f3wnaniu do warzyw przechowywanych metod\u0105 tradycyjn\u0105.<\/p>\r\n\r\n\r\n\r\n<p style=\"text-align: justify;\">Obecnie \u00a0dr in\u017c. Grzegorz\u00a0 MIZERA<br \/>&#8211; konsultuje budow\u0119, rozbudow\u0119 oraz modernizacj\u0119 przechowalni warzyw i owoc\u00f3w,<br \/>&#8211; opracowuje projekty koncepcyjne \u00a0i konsultuje opracowywanie projekt\u00f3w budowy, rozbudowy i modernizacji wszelkiego typu przechowalni warzyw i owoc\u00f3w,<br \/>&#8211; szkoli \u00a0za\u0142og\u0119 przechowalni w Standardowych Procedurach Przechowalniczych,<br \/>&#8211; jest przedstawicielem wielu dostawc\u00f3w specjalistycznego wyposa\u017cenia do przechowalni warzyw z ca\u0142ego \u015awiata.<\/p>\r\n\r\n\r\n\r\n\r\n\r\n\r\n\r\n\r\n\r\n\r\n\r\n<p style=\"text-align: justify;\">Je\u015bli chcesz zbudowa\u0107, rozbudowa\u0107 lub zmodernizowa\u0107 swoj\u0105 przechowalni\u0119 warzyw czy owoc\u00f3w \u00a0lub masz k\u0142opoty z eksploatacj\u0105 posiadanej\u00a0 przechowalni \u00a0dr in\u017c. Grzegorz MIZERA na pewno Ci pomo\u017ce.<\/p>\r\n\r\n\r\n\r\n<p style=\"text-align: justify;\">Najlepiej zadzwo\u0144\u00a0 <strong>( +48\u00a0602 22 49 39<\/strong>) \u00a0\u2013 porozmawiaj lub \u00a0napisz <br \/>e-maila \u00a0(<strong>grzegorz(at)mizera.pl<\/strong>) o swoich planach, marzeniach czy k\u0142opotach \u2013 na pewno dostaniesz profesjonaln\u0105 odpowiedz .<\/p>\r\n\r\n\r\n\r\n<p style=\"text-align: justify;\">dr in\u017c. Grzegorz MIZERA<br \/>Elektromechanika Ch\u0142odnicza<br \/>NIP 583\u00a0007 11 44<\/p>\r\n\r\n\r\n\r\n\r\n","protected":false},"excerpt":{"rendered":"<p>Przechowalnictwo warzyw i owoc\u00f3w. Dr in\u017c. Grzegorz\u00a0 MIZERA dzia\u0142a na rynku\u00a0 budowy i eksploatacji przechowalni warzyw od ponad 30 lat. Przez okres ostatnich 10 \u00a0lat\u00a0 specjalizuje si\u0119 we wdra\u017caniu w\u0142asnych opatentowanych w Polsce\u00a0 rozwi\u0105za\u0144\u00a0 technicznych specjalnie przeznaczonych do przechowalni warzyw i owoc\u00f3w \u2013 tzw. ch\u0142odzenia analogowego. Rozwi\u0105zania te nie tylko spe\u0142niaj\u0105 wymagania konstrukcyjne\u00a0 dla dyrektywny &hellip; <a href=\"https:\/\/mizera.pl\/index.php\/przechowalnictwo\/\" class=\"more-link\">Czytaj dalej <span class=\"screen-reader-text\">PRZECHOWALNICTWO<\/span> <span class=\"meta-nav\">&rarr;<\/span><\/a><\/p>\n","protected":false},"author":1,"featured_media":0,"parent":0,"menu_order":0,"comment_status":"closed","ping_status":"closed","template":"","meta":{"footnotes":""},"class_list":["post-9","page","type-page","status-publish","hentry"],"_links":{"self":[{"href":"https:\/\/mizera.pl\/index.php\/wp-json\/wp\/v2\/pages\/9","targetHints":{"allow":["GET"]}}],"collection":[{"href":"https:\/\/mizera.pl\/index.php\/wp-json\/wp\/v2\/pages"}],"about":[{"href":"https:\/\/mizera.pl\/index.php\/wp-json\/wp\/v2\/types\/page"}],"author":[{"embeddable":true,"href":"https:\/\/mizera.pl\/index.php\/wp-json\/wp\/v2\/users\/1"}],"replies":[{"embeddable":true,"href":"https:\/\/mizera.pl\/index.php\/wp-json\/wp\/v2\/comments?post=9"}],"version-history":[{"count":11,"href":"https:\/\/mizera.pl\/index.php\/wp-json\/wp\/v2\/pages\/9\/revisions"}],"predecessor-version":[{"id":35,"href":"https:\/\/mizera.pl\/index.php\/wp-json\/wp\/v2\/pages\/9\/revisions\/35"}],"wp:attachment":[{"href":"https:\/\/mizera.pl\/index.php\/wp-json\/wp\/v2\/media?parent=9"}],"curies":[{"name":"wp","href":"https:\/\/api.w.org\/{rel}","templated":true}]}}